{"id":121,"date":"2021-11-15T10:14:22","date_gmt":"2021-11-15T15:14:22","guid":{"rendered":"https:\/\/clinicavasculardecali.com\/web\/?page_id=121"},"modified":"2021-12-02T09:54:04","modified_gmt":"2021-12-02T14:54:04","slug":"clinica-de-linfedema","status":"publish","type":"page","link":"https:\/\/clinicavasculardecali.com\/web\/clinica-de-linfedema\/","title":{"rendered":"Cl\u00ednica de Linfedema"},"content":{"rendered":"<div id=\"pl-121\"  class=\"panel-layout\" ><div id=\"pg-121-0\"  class=\"panel-grid panel-no-style\" ><div id=\"pgc-121-0-0\"  class=\"panel-grid-cell\" ><div id=\"panel-121-0-0-0\" class=\"so-panel widget widget_sow-image panel-first-child panel-last-child\" data-index=\"0\" ><div class=\"so-widget-sow-image so-widget-sow-image-default-d6014b76747a-121\">\n\n<div class=\"sow-image-container\">\n\t\t<img decoding=\"async\" src=\"https:\/\/clinicavasculardecali.com\/web\/wp-content\/uploads\/2021\/12\/clinica-linfedema-clinica-vascular.jpg\" width=\"800\" height=\"633\" srcset=\"https:\/\/clinicavasculardecali.com\/web\/wp-content\/uploads\/2021\/12\/clinica-linfedema-clinica-vascular.jpg 800w, https:\/\/clinicavasculardecali.com\/web\/wp-content\/uploads\/2021\/12\/clinica-linfedema-clinica-vascular-300x237.jpg 300w, https:\/\/clinicavasculardecali.com\/web\/wp-content\/uploads\/2021\/12\/clinica-linfedema-clinica-vascular-768x608.jpg 768w\" sizes=\"auto, (max-width: 800px) 100vw, 800px\" alt=\"\" loading=\"lazy\" \t\tclass=\"so-widget-image\"\/>\n\t<\/div>\n\n<\/div><\/div><\/div><div id=\"pgc-121-0-1\"  class=\"panel-grid-cell\" ><div id=\"panel-121-0-1-0\" class=\"so-panel widget widget_sow-editor panel-first-child panel-last-child\" data-index=\"1\" ><div class=\"so-widget-sow-editor so-widget-sow-editor-base\">\n<div class=\"siteorigin-widget-tinymce textwidget\">\n\t<p>Linfedema es el nombre de un tipo de inflamaci\u00f3n. Ocurre cuando se acumula linfa en los tejidos blandos del cuerpo. La linfa es un l\u00edquido que contiene gl\u00f3bulos blancos, c\u00e9lulas que defienden contra los g\u00e9rmenes. Se puede acumular cuando el sistema linf\u00e1tico est\u00e1 da\u00f1ado o bloqueado. Suele ocurrir en los brazos o las piernas.<br \/>\nLas causas de linfedema incluyen:<\/p>\n<ul>\n<li>Infecciones<\/li>\n<li>Cancer<\/li>\n<li>Tejido cicatricial por radioterapia o extirpacion quir\u00fargica de ganglios linfaticos (es comun despues de cirugias por cancer de seno).<\/li>\n<\/ul>\n<p>Afecciones hereditarias en as que los ganglios linfaticos o los vasos no se desarrollan normalmente.<\/p>\n<p>El tratamiento incluye ejercicios (fisioterapia), dispositivos de compresi\u00f3n (presoterapia), masajes (drenaje linfatico manual), cuidados de la piel y educacion.<\/p>\n<\/div>\n<\/div><\/div><\/div><\/div><\/div>","protected":false},"excerpt":{"rendered":"<p>Linfedema es el nombre de un tipo de inflamaci\u00f3n. Ocurre cuando se acumula linfa en los tejidos blandos del cuerpo. La linfa es un l\u00edquido que contiene gl\u00f3bulos blancos, c\u00e9lulas que defienden contra los g\u00e9rmenes. Se puede acumular cuando el sistema linf\u00e1tico est\u00e1 da\u00f1ado o bloqueado. Suele ocurrir en los brazos o las piernas. Las [&hellip;]<\/p>\n","protected":false},"author":1,"featured_media":0,"parent":0,"menu_order":0,"comment_status":"closed","ping_status":"closed","template":"","meta":{"footnotes":""},"class_list":["post-121","page","type-page","status-publish","hentry"],"_links":{"self":[{"href":"https:\/\/clinicavasculardecali.com\/web\/wp-json\/wp\/v2\/pages\/121","targetHints":{"allow":["GET"]}}],"collection":[{"href":"https:\/\/clinicavasculardecali.com\/web\/wp-json\/wp\/v2\/pages"}],"about":[{"href":"https:\/\/clinicavasculardecali.com\/web\/wp-json\/wp\/v2\/types\/page"}],"author":[{"embeddable":true,"href":"https:\/\/clinicavasculardecali.com\/web\/wp-json\/wp\/v2\/users\/1"}],"replies":[{"embeddable":true,"href":"https:\/\/clinicavasculardecali.com\/web\/wp-json\/wp\/v2\/comments?post=121"}],"version-history":[{"count":6,"href":"https:\/\/clinicavasculardecali.com\/web\/wp-json\/wp\/v2\/pages\/121\/revisions"}],"predecessor-version":[{"id":219,"href":"https:\/\/clinicavasculardecali.com\/web\/wp-json\/wp\/v2\/pages\/121\/revisions\/219"}],"wp:attachment":[{"href":"https:\/\/clinicavasculardecali.com\/web\/wp-json\/wp\/v2\/media?parent=121"}],"curies":[{"name":"wp","href":"https:\/\/api.w.org\/{rel}","templated":true}]}}