{"id":12,"date":"2021-10-10T21:13:59","date_gmt":"2021-10-11T02:13:59","guid":{"rendered":"https:\/\/clinicavasculardecali.com\/web\/?page_id=12"},"modified":"2021-12-22T00:23:23","modified_gmt":"2021-12-22T05:23:23","slug":"servicios","status":"publish","type":"page","link":"https:\/\/clinicavasculardecali.com\/web\/servicios\/","title":{"rendered":"Servicios"},"content":{"rendered":"<div id=\"pl-gb12-69eb762dbd80d\"  class=\"panel-layout\" ><div id=\"pg-gb12-69eb762dbd80d-0\"  class=\"panel-grid panel-no-style\" ><div id=\"pgc-gb12-69eb762dbd80d-0-0\"  class=\"panel-grid-cell\" ><div id=\"panel-gb12-69eb762dbd80d-0-0-0\" class=\"so-panel widget widget_sow-image panel-first-child\" data-index=\"0\" ><div class=\"so-widget-sow-image so-widget-sow-image-default-d6014b76747a-12\">\n\n<div class=\"sow-image-container\">\n\t\t<img decoding=\"async\" src=\"https:\/\/clinicavasculardecali.com\/web\/wp-content\/uploads\/2021\/11\/consulta-medica-especializada-clinica-vascular.jpg\" width=\"1200\" height=\"633\" srcset=\"https:\/\/clinicavasculardecali.com\/web\/wp-content\/uploads\/2021\/11\/consulta-medica-especializada-clinica-vascular.jpg 1200w, https:\/\/clinicavasculardecali.com\/web\/wp-content\/uploads\/2021\/11\/consulta-medica-especializada-clinica-vascular-300x158.jpg 300w, https:\/\/clinicavasculardecali.com\/web\/wp-content\/uploads\/2021\/11\/consulta-medica-especializada-clinica-vascular-1024x540.jpg 1024w, https:\/\/clinicavasculardecali.com\/web\/wp-content\/uploads\/2021\/11\/consulta-medica-especializada-clinica-vascular-768x405.jpg 768w\" sizes=\"auto, (max-width: 1200px) 100vw, 1200px\" alt=\"\" loading=\"lazy\" \t\tclass=\"so-widget-image\"\/>\n\t<\/div>\n\n<\/div><\/div><div id=\"panel-gb12-69eb762dbd80d-0-0-1\" class=\"so-panel widget widget_sow-editor panel-last-child\" data-index=\"1\" ><div class=\"so-widget-sow-editor so-widget-sow-editor-base\"><h3 class=\"widget-title\">Consulta M\u00e9dica Especializada<\/h3>\n<div class=\"siteorigin-widget-tinymce textwidget\">\n\t<p>En esta consulta, el especialista vascular realizar\u00e1 la valoraci\u00f3n correspondiente del paciente&#8230;<br \/>\n<a href=\"https:\/\/clinicavasculardecali.com\/web\/consulta-medica-especializada\/\"><input type=\"button\" value=\"Ver servicio\" \/><\/a><\/p>\n<\/div>\n<\/div><\/div><\/div><div id=\"pgc-gb12-69eb762dbd80d-0-1\"  class=\"panel-grid-cell\" ><div id=\"panel-gb12-69eb762dbd80d-0-1-0\" class=\"so-panel widget widget_sow-image panel-first-child\" data-index=\"2\" ><div class=\"so-widget-sow-image so-widget-sow-image-default-d6014b76747a-12\">\n\n<div class=\"sow-image-container\">\n\t\t<img decoding=\"async\" src=\"https:\/\/clinicavasculardecali.com\/web\/wp-content\/uploads\/2021\/11\/laboratorio-vascular-no-invasivo-clinica-vascular.jpg\" width=\"1200\" height=\"633\" srcset=\"https:\/\/clinicavasculardecali.com\/web\/wp-content\/uploads\/2021\/11\/laboratorio-vascular-no-invasivo-clinica-vascular.jpg 1200w, https:\/\/clinicavasculardecali.com\/web\/wp-content\/uploads\/2021\/11\/laboratorio-vascular-no-invasivo-clinica-vascular-300x158.jpg 300w, https:\/\/clinicavasculardecali.com\/web\/wp-content\/uploads\/2021\/11\/laboratorio-vascular-no-invasivo-clinica-vascular-1024x540.jpg 1024w, https:\/\/clinicavasculardecali.com\/web\/wp-content\/uploads\/2021\/11\/laboratorio-vascular-no-invasivo-clinica-vascular-768x405.jpg 768w\" sizes=\"auto, (max-width: 1200px) 100vw, 1200px\" alt=\"\" loading=\"lazy\" \t\tclass=\"so-widget-image\"\/>\n\t<\/div>\n\n<\/div><\/div><div id=\"panel-gb12-69eb762dbd80d-0-1-1\" class=\"so-panel widget widget_sow-editor panel-last-child\" data-index=\"3\" ><div class=\"so-widget-sow-editor so-widget-sow-editor-base\"><h3 class=\"widget-title\">Laboratorio Vascular no Invasivo<\/h3>\n<div class=\"siteorigin-widget-tinymce textwidget\">\n\t<p>Ultrasonido doppler (d\u00faplex) arterial o venoso&#8230;<br \/>\n<a href=\"https:\/\/clinicavasculardecali.com\/web\/laboratorio-vascular-no-invasivo\/\"><input type=\"button\" value=\"Ver servicio\" \/><\/a><\/p>\n<\/div>\n<\/div><\/div><\/div><div id=\"pgc-gb12-69eb762dbd80d-0-2\"  class=\"panel-grid-cell\" ><div id=\"panel-gb12-69eb762dbd80d-0-2-0\" class=\"so-panel widget widget_sow-image panel-first-child\" data-index=\"4\" ><div class=\"so-widget-sow-image so-widget-sow-image-default-d6014b76747a-12\">\n\n<div class=\"sow-image-container\">\n\t\t<img decoding=\"async\" src=\"https:\/\/clinicavasculardecali.com\/web\/wp-content\/uploads\/2021\/10\/cirugia-varices-clinica-vascular.jpg\" width=\"1200\" height=\"633\" srcset=\"https:\/\/clinicavasculardecali.com\/web\/wp-content\/uploads\/2021\/10\/cirugia-varices-clinica-vascular.jpg 1200w, https:\/\/clinicavasculardecali.com\/web\/wp-content\/uploads\/2021\/10\/cirugia-varices-clinica-vascular-300x158.jpg 300w, https:\/\/clinicavasculardecali.com\/web\/wp-content\/uploads\/2021\/10\/cirugia-varices-clinica-vascular-1024x540.jpg 1024w, https:\/\/clinicavasculardecali.com\/web\/wp-content\/uploads\/2021\/10\/cirugia-varices-clinica-vascular-768x405.jpg 768w\" sizes=\"auto, (max-width: 1200px) 100vw, 1200px\" alt=\"\" loading=\"lazy\" \t\tclass=\"so-widget-image\"\/>\n\t<\/div>\n\n<\/div><\/div><div id=\"panel-gb12-69eb762dbd80d-0-2-1\" class=\"so-panel widget widget_sow-editor panel-last-child\" data-index=\"5\" ><div class=\"so-widget-sow-editor so-widget-sow-editor-base\"><h3 class=\"widget-title\">Cirug\u00eda de Varices M\u00ednimamente Invasiva y Est\u00e9tica<\/h3>\n<div class=\"siteorigin-widget-tinymce textwidget\">\n\t<p>Cirug\u00eda de Varices con T\u00e9cnica Laser y radiofrecuencia&#8230;<br \/>\n<a href=\"https:\/\/clinicavasculardecali.com\/web\/cirugia-de-varices-minimamente-invasiva-y-estetica\/\"><input type=\"button\" value=\"Ver servicio\" \/><\/a><\/p>\n<\/div>\n<\/div><\/div><\/div><\/div><div id=\"pg-gb12-69eb762dbd80d-1\"  class=\"panel-grid panel-no-style\" ><div id=\"pgc-gb12-69eb762dbd80d-1-0\"  class=\"panel-grid-cell\" ><div id=\"panel-gb12-69eb762dbd80d-1-0-0\" class=\"so-panel widget widget_sow-image panel-first-child\" data-index=\"6\" ><div class=\"so-widget-sow-image so-widget-sow-image-default-d6014b76747a-12\">\n\n<div class=\"sow-image-container\">\n\t\t<img decoding=\"async\" src=\"https:\/\/clinicavasculardecali.com\/web\/wp-content\/uploads\/2021\/11\/escleroterapia-clinica-vascular.jpg\" width=\"1200\" height=\"633\" srcset=\"https:\/\/clinicavasculardecali.com\/web\/wp-content\/uploads\/2021\/11\/escleroterapia-clinica-vascular.jpg 1200w, https:\/\/clinicavasculardecali.com\/web\/wp-content\/uploads\/2021\/11\/escleroterapia-clinica-vascular-300x158.jpg 300w, https:\/\/clinicavasculardecali.com\/web\/wp-content\/uploads\/2021\/11\/escleroterapia-clinica-vascular-1024x540.jpg 1024w, https:\/\/clinicavasculardecali.com\/web\/wp-content\/uploads\/2021\/11\/escleroterapia-clinica-vascular-768x405.jpg 768w\" sizes=\"auto, (max-width: 1200px) 100vw, 1200px\" alt=\"\" loading=\"lazy\" \t\tclass=\"so-widget-image\"\/>\n\t<\/div>\n\n<\/div><\/div><div id=\"panel-gb12-69eb762dbd80d-1-0-1\" class=\"so-panel widget widget_sow-editor panel-last-child\" data-index=\"7\" ><div class=\"so-widget-sow-editor so-widget-sow-editor-base\"><h3 class=\"widget-title\">Escleroterapia<\/h3>\n<div class=\"siteorigin-widget-tinymce textwidget\">\n\t<p>Consiste en la aplicaci\u00f3n de sustancias qu\u00edmicas que act\u00faan en el endotelio vascular de la vena afectada&#8230;<br \/>\n<a href=\"https:\/\/clinicavasculardecali.com\/web\/tratamiento-escleroterapia\/\"><input type=\"button\" value=\"Ver servicio\" \/><\/a><\/p>\n<\/div>\n<\/div><\/div><\/div><div id=\"pgc-gb12-69eb762dbd80d-1-1\"  class=\"panel-grid-cell\" ><div id=\"panel-gb12-69eb762dbd80d-1-1-0\" class=\"so-panel widget widget_sow-image panel-first-child\" data-index=\"8\" ><div class=\"so-widget-sow-image so-widget-sow-image-default-d6014b76747a-12\">\n\n<div class=\"sow-image-container\">\n\t\t<img decoding=\"async\" src=\"https:\/\/clinicavasculardecali.com\/web\/wp-content\/uploads\/2021\/11\/tratamiento-ulceras-clinica-vascular.jpg\" width=\"1200\" height=\"633\" srcset=\"https:\/\/clinicavasculardecali.com\/web\/wp-content\/uploads\/2021\/11\/tratamiento-ulceras-clinica-vascular.jpg 1200w, https:\/\/clinicavasculardecali.com\/web\/wp-content\/uploads\/2021\/11\/tratamiento-ulceras-clinica-vascular-300x158.jpg 300w, https:\/\/clinicavasculardecali.com\/web\/wp-content\/uploads\/2021\/11\/tratamiento-ulceras-clinica-vascular-1024x540.jpg 1024w, https:\/\/clinicavasculardecali.com\/web\/wp-content\/uploads\/2021\/11\/tratamiento-ulceras-clinica-vascular-768x405.jpg 768w\" sizes=\"auto, (max-width: 1200px) 100vw, 1200px\" alt=\"\" loading=\"lazy\" \t\tclass=\"so-widget-image\"\/>\n\t<\/div>\n\n<\/div><\/div><div id=\"panel-gb12-69eb762dbd80d-1-1-1\" class=\"so-panel widget widget_sow-editor panel-last-child\" data-index=\"9\" ><div class=\"so-widget-sow-editor so-widget-sow-editor-base\"><h3 class=\"widget-title\">Cl\u00ednica de \u00dalceras<\/h3>\n<div class=\"siteorigin-widget-tinymce textwidget\">\n\t<p>Despu\u00e9s de una evaluaci\u00f3n previa por nuestros&#8230;<br \/>\n<a href=\"https:\/\/clinicavasculardecali.com\/web\/clinica-de-ulceras\/\"><input type=\"button\" value=\"Ver servicio\" \/><\/a><\/p>\n<\/div>\n<\/div><\/div><\/div><div id=\"pgc-gb12-69eb762dbd80d-1-2\"  class=\"panel-grid-cell\" ><div id=\"panel-gb12-69eb762dbd80d-1-2-0\" class=\"so-panel widget widget_sow-image panel-first-child\" data-index=\"10\" ><div class=\"so-widget-sow-image so-widget-sow-image-default-d6014b76747a-12\">\n\n<div class=\"sow-image-container\">\n\t\t<img decoding=\"async\" src=\"https:\/\/clinicavasculardecali.com\/web\/wp-content\/uploads\/2021\/11\/clinica-linfedema-clinica-vascular.jpg\" width=\"1200\" height=\"633\" srcset=\"https:\/\/clinicavasculardecali.com\/web\/wp-content\/uploads\/2021\/11\/clinica-linfedema-clinica-vascular.jpg 1200w, https:\/\/clinicavasculardecali.com\/web\/wp-content\/uploads\/2021\/11\/clinica-linfedema-clinica-vascular-300x158.jpg 300w, https:\/\/clinicavasculardecali.com\/web\/wp-content\/uploads\/2021\/11\/clinica-linfedema-clinica-vascular-1024x540.jpg 1024w, https:\/\/clinicavasculardecali.com\/web\/wp-content\/uploads\/2021\/11\/clinica-linfedema-clinica-vascular-768x405.jpg 768w\" sizes=\"auto, (max-width: 1200px) 100vw, 1200px\" alt=\"\" loading=\"lazy\" \t\tclass=\"so-widget-image\"\/>\n\t<\/div>\n\n<\/div><\/div><div id=\"panel-gb12-69eb762dbd80d-1-2-1\" class=\"so-panel widget widget_sow-editor panel-last-child\" data-index=\"11\" ><div class=\"so-widget-sow-editor so-widget-sow-editor-base\"><h3 class=\"widget-title\">Cl\u00ednica de Linfedema<\/h3>\n<div class=\"siteorigin-widget-tinymce textwidget\">\n\t<p>Linfedema es el nombre de un tipo de inflamaci\u00f3n&#8230;<br \/>\n<a href=\"https:\/\/clinicavasculardecali.com\/web\/clinica-de-linfedema\/\"><input type=\"button\" value=\"Ver servicio\" \/><\/a><\/p>\n<\/div>\n<\/div><\/div><\/div><\/div><\/div>","protected":false},"excerpt":{"rendered":"<p>En esta consulta, el especialista vascular realizar\u00e1 la valoraci\u00f3n correspondiente del paciente&#8230; Ultrasonido doppler (d\u00faplex) arterial o venoso&#8230; Cirug\u00eda de Varices con T\u00e9cnica Laser y radiofrecuencia&#8230; Consiste en la aplicaci\u00f3n de sustancias qu\u00edmicas que act\u00faan en el endotelio vascular de la vena afectada&#8230; Despu\u00e9s de una evaluaci\u00f3n previa por nuestros&#8230; Linfedema es el nombre de [&hellip;]<\/p>\n","protected":false},"author":1,"featured_media":0,"parent":0,"menu_order":0,"comment_status":"closed","ping_status":"closed","template":"","meta":{"footnotes":""},"class_list":["post-12","page","type-page","status-publish","hentry"],"_links":{"self":[{"href":"https:\/\/clinicavasculardecali.com\/web\/wp-json\/wp\/v2\/pages\/12","targetHints":{"allow":["GET"]}}],"collection":[{"href":"https:\/\/clinicavasculardecali.com\/web\/wp-json\/wp\/v2\/pages"}],"about":[{"href":"https:\/\/clinicavasculardecali.com\/web\/wp-json\/wp\/v2\/types\/page"}],"author":[{"embeddable":true,"href":"https:\/\/clinicavasculardecali.com\/web\/wp-json\/wp\/v2\/users\/1"}],"replies":[{"embeddable":true,"href":"https:\/\/clinicavasculardecali.com\/web\/wp-json\/wp\/v2\/comments?post=12"}],"version-history":[{"count":17,"href":"https:\/\/clinicavasculardecali.com\/web\/wp-json\/wp\/v2\/pages\/12\/revisions"}],"predecessor-version":[{"id":239,"href":"https:\/\/clinicavasculardecali.com\/web\/wp-json\/wp\/v2\/pages\/12\/revisions\/239"}],"wp:attachment":[{"href":"https:\/\/clinicavasculardecali.com\/web\/wp-json\/wp\/v2\/media?parent=12"}],"curies":[{"name":"wp","href":"https:\/\/api.w.org\/{rel}","templated":true}]}}