{"id":118,"date":"2021-11-15T10:11:37","date_gmt":"2021-11-15T15:11:37","guid":{"rendered":"https:\/\/clinicavasculardecali.com\/web\/?page_id=118"},"modified":"2021-12-02T09:40:22","modified_gmt":"2021-12-02T14:40:22","slug":"laboratorio-vascular-no-invasivo","status":"publish","type":"page","link":"https:\/\/clinicavasculardecali.com\/web\/laboratorio-vascular-no-invasivo\/","title":{"rendered":"Laboratorio vascular no invasivo"},"content":{"rendered":"<div id=\"pl-118\"  class=\"panel-layout\" ><div id=\"pg-118-0\"  class=\"panel-grid panel-no-style\" ><div id=\"pgc-118-0-0\"  class=\"panel-grid-cell\" ><div id=\"panel-118-0-0-0\" class=\"so-panel widget widget_sow-image panel-first-child panel-last-child\" data-index=\"0\" ><div class=\"so-widget-sow-image so-widget-sow-image-default-d6014b76747a-118\">\n\n<div class=\"sow-image-container\">\n\t\t<img decoding=\"async\" src=\"https:\/\/clinicavasculardecali.com\/web\/wp-content\/uploads\/2021\/12\/laboratorio-vascular-no-invasivo-clinica-vascular.jpg\" width=\"800\" height=\"633\" srcset=\"https:\/\/clinicavasculardecali.com\/web\/wp-content\/uploads\/2021\/12\/laboratorio-vascular-no-invasivo-clinica-vascular.jpg 800w, https:\/\/clinicavasculardecali.com\/web\/wp-content\/uploads\/2021\/12\/laboratorio-vascular-no-invasivo-clinica-vascular-300x237.jpg 300w, https:\/\/clinicavasculardecali.com\/web\/wp-content\/uploads\/2021\/12\/laboratorio-vascular-no-invasivo-clinica-vascular-768x608.jpg 768w\" sizes=\"auto, (max-width: 800px) 100vw, 800px\" alt=\"\" loading=\"lazy\" \t\tclass=\"so-widget-image\"\/>\n\t<\/div>\n\n<\/div><\/div><\/div><div id=\"pgc-118-0-1\"  class=\"panel-grid-cell\" ><div id=\"panel-118-0-1-0\" class=\"so-panel widget widget_sow-editor panel-first-child panel-last-child\" data-index=\"1\" ><div class=\"so-widget-sow-editor so-widget-sow-editor-base\">\n<div class=\"siteorigin-widget-tinymce textwidget\">\n\t<h2>Ultrasonido Doppler (d\u00faplex) arterial o venoso<\/h2>\n<p>Un ultrasonido de Doppler es una prueba que utiliza ondas sonoras para crear im\u00e1genes del interior del organismo. Los m\u00e9dicos usan este estudio de imagen para comprobar si hay alg\u00fan problema en el coraz\u00f3n o los vasos sangu\u00edneos. Con un ultrasonido de Doppler tambi\u00e9n se puede observar c\u00f3mo circula la sangre por los vasos sangu\u00edneos.<\/p>\n<p>El m\u00e9dico podr\u00eda solicitar un ultrasonido de Doppler para detectar:<\/p>\n<ul>\n<li>Ateroesclerosis \u2013 En este padecimiento, se acumulan unos dep\u00f3sitos de grasa llamados \u201cplacas\u201d en las arterias, por lo que estas se estrechan o se bloquean.<\/li>\n<li>Una trombosis venosa profunda, se produce cuando se forma un co\u00e1gulo de sangre en una vena profunda de la pierna.<\/li>\n<li>Problemas con el funcionamiento de las venas de las piernas, si las venas de las piernas no funcionan bien, se puede acumular sangre en las piernas.<\/li>\n<li>Una lesi\u00f3n en una arteria<\/li>\n<\/ul>\n<h2>Pletismografia arterial o venosa<\/h2>\n<p>La Pletismograf\u00eda es un m\u00e9todo basado en la medici\u00f3n de cambios de presi\u00f3n y volumen que se utiliza para medir par\u00e1metros orientados al diagn\u00f3stico de enfermedades cardiovasculares.<\/p>\n<p>Este examen se puede hacer para verificar si hay co\u00e1gulos sangu\u00edneos en los brazos y las piernas.<\/p>\n<p>En la mayor\u00eda de los casos, este examen se realiza para revisar el flujo sangu\u00edneo a las arterias de las piernas o brazos. Esto se hace en personas con afecciones como endurecimiento de las arterias (ateroesclerosis). Ateroesclerosis provoca dolor durante el ejercicio, o una curaci\u00f3n deficiente de heridas en las piernas.<\/p>\n<p>&nbsp;<\/p>\n<\/div>\n<\/div><\/div><\/div><\/div><\/div>","protected":false},"excerpt":{"rendered":"<p>Ultrasonido Doppler (d\u00faplex) arterial o venoso Un ultrasonido de Doppler es una prueba que utiliza ondas sonoras para crear im\u00e1genes del interior del organismo. Los m\u00e9dicos usan este estudio de imagen para comprobar si hay alg\u00fan problema en el coraz\u00f3n o los vasos sangu\u00edneos. Con un ultrasonido de Doppler tambi\u00e9n se puede observar c\u00f3mo circula [&hellip;]<\/p>\n","protected":false},"author":1,"featured_media":0,"parent":0,"menu_order":0,"comment_status":"closed","ping_status":"closed","template":"","meta":{"footnotes":""},"class_list":["post-118","page","type-page","status-publish","hentry"],"_links":{"self":[{"href":"https:\/\/clinicavasculardecali.com\/web\/wp-json\/wp\/v2\/pages\/118","targetHints":{"allow":["GET"]}}],"collection":[{"href":"https:\/\/clinicavasculardecali.com\/web\/wp-json\/wp\/v2\/pages"}],"about":[{"href":"https:\/\/clinicavasculardecali.com\/web\/wp-json\/wp\/v2\/types\/page"}],"author":[{"embeddable":true,"href":"https:\/\/clinicavasculardecali.com\/web\/wp-json\/wp\/v2\/users\/1"}],"replies":[{"embeddable":true,"href":"https:\/\/clinicavasculardecali.com\/web\/wp-json\/wp\/v2\/comments?post=118"}],"version-history":[{"count":12,"href":"https:\/\/clinicavasculardecali.com\/web\/wp-json\/wp\/v2\/pages\/118\/revisions"}],"predecessor-version":[{"id":200,"href":"https:\/\/clinicavasculardecali.com\/web\/wp-json\/wp\/v2\/pages\/118\/revisions\/200"}],"wp:attachment":[{"href":"https:\/\/clinicavasculardecali.com\/web\/wp-json\/wp\/v2\/media?parent=118"}],"curies":[{"name":"wp","href":"https:\/\/api.w.org\/{rel}","templated":true}]}}