{"id":102,"date":"2021-10-13T19:21:00","date_gmt":"2021-10-14T00:21:00","guid":{"rendered":"https:\/\/clinicavasculardecali.com\/web\/?page_id=102"},"modified":"2021-12-02T09:42:37","modified_gmt":"2021-12-02T14:42:37","slug":"cirugia-de-varices-minimamente-invasiva-y-estetica","status":"publish","type":"page","link":"https:\/\/clinicavasculardecali.com\/web\/cirugia-de-varices-minimamente-invasiva-y-estetica\/","title":{"rendered":"Cirug\u00eda de varices m\u00ednimamente invasiva y est\u00e9tica"},"content":{"rendered":"<div id=\"pl-102\"  class=\"panel-layout\" ><div id=\"pg-102-0\"  class=\"panel-grid panel-no-style\" ><div id=\"pgc-102-0-0\"  class=\"panel-grid-cell\" ><div id=\"panel-102-0-0-0\" class=\"so-panel widget widget_sow-image panel-first-child panel-last-child\" data-index=\"0\" ><div class=\"so-widget-sow-image so-widget-sow-image-default-d6014b76747a-102\">\n\n<div class=\"sow-image-container\">\n\t\t<img decoding=\"async\" src=\"https:\/\/clinicavasculardecali.com\/web\/wp-content\/uploads\/2021\/12\/cirugia-varices-clinica-vascular.jpg\" width=\"800\" height=\"633\" srcset=\"https:\/\/clinicavasculardecali.com\/web\/wp-content\/uploads\/2021\/12\/cirugia-varices-clinica-vascular.jpg 800w, https:\/\/clinicavasculardecali.com\/web\/wp-content\/uploads\/2021\/12\/cirugia-varices-clinica-vascular-300x237.jpg 300w, https:\/\/clinicavasculardecali.com\/web\/wp-content\/uploads\/2021\/12\/cirugia-varices-clinica-vascular-768x608.jpg 768w\" sizes=\"auto, (max-width: 800px) 100vw, 800px\" alt=\"\" loading=\"lazy\" \t\tclass=\"so-widget-image\"\/>\n\t<\/div>\n\n<\/div><\/div><\/div><div id=\"pgc-102-0-1\"  class=\"panel-grid-cell\" ><div id=\"panel-102-0-1-0\" class=\"so-panel widget widget_sow-editor panel-first-child panel-last-child\" data-index=\"1\" ><div class=\"so-widget-sow-editor so-widget-sow-editor-base\">\n<div class=\"siteorigin-widget-tinymce textwidget\">\n\t<h2>Cirug\u00eda de varices con t\u00e9cnica laser y radiofrecuencia<\/h2>\n<p>Para estos procedimientos, el m\u00e9dico introduce un cable especial en la vena enferma. Dicho cable calienta la vena y la sella desde el interior. Aunque la vena permanece en su sitio, deja de llevar sangre. Estos procedimientos solo implican hacer un orificio o corte peque\u00f1o en la piel, y se pueden realizar con muy poca anestesia.<\/p>\n<h2>Ligadura o eliminaci\u00f3n de venas varicosas<\/h2>\n<p>Estos procedimientos consisten en cirug\u00edas para eliminar la vena o las venas enfermas. Las venas se retiran mediante varios cortes peque\u00f1os, se puede realizar con anestesia local, con m\u00ednimo dolor para el paciente con excelentes resultados est\u00e9ticos.<\/p>\n<h2>T\u00e9cnicas m\u00ednimamente invasivas clarivein y venaseal<\/h2>\n<p>Son procedimientos innovadores, con tecnolog\u00eda de punta en donde mediante el uso de cat\u00e9teres (cable especial) se sellan las venas enfermas, con el uso de m\u00ednima anestesia local, con m\u00ednima incapacidad, dolor y excelente resultado est\u00e9tico.<\/p>\n<h2>Oclusi\u00f3n de varices con micro espuma (ENOF)<\/h2>\n<p>Es un procedimiento inocuo y eficaz para tratar las venas enfermas. Consiste en inyectar una sustancia qu\u00edmica en la vena enferma guiado por el ultrasonido doppler, haciendo que se inflame y se cierre. No produce dolor, no requiere ning\u00fan tipo de anestesia, no requiere incapacidad, seguro en pacientes mayores y con alto riesgo con la cirug\u00eda invasiva.<\/p>\n<\/div>\n<\/div><\/div><\/div><\/div><\/div>","protected":false},"excerpt":{"rendered":"<p>Cirug\u00eda de varices con t\u00e9cnica laser y radiofrecuencia Para estos procedimientos, el m\u00e9dico introduce un cable especial en la vena enferma. Dicho cable calienta la vena y la sella desde el interior. Aunque la vena permanece en su sitio, deja de llevar sangre. Estos procedimientos solo implican hacer un orificio o corte peque\u00f1o en la [&hellip;]<\/p>\n","protected":false},"author":1,"featured_media":0,"parent":0,"menu_order":0,"comment_status":"closed","ping_status":"closed","template":"","meta":{"footnotes":""},"class_list":["post-102","page","type-page","status-publish","hentry"],"_links":{"self":[{"href":"https:\/\/clinicavasculardecali.com\/web\/wp-json\/wp\/v2\/pages\/102","targetHints":{"allow":["GET"]}}],"collection":[{"href":"https:\/\/clinicavasculardecali.com\/web\/wp-json\/wp\/v2\/pages"}],"about":[{"href":"https:\/\/clinicavasculardecali.com\/web\/wp-json\/wp\/v2\/types\/page"}],"author":[{"embeddable":true,"href":"https:\/\/clinicavasculardecali.com\/web\/wp-json\/wp\/v2\/users\/1"}],"replies":[{"embeddable":true,"href":"https:\/\/clinicavasculardecali.com\/web\/wp-json\/wp\/v2\/comments?post=102"}],"version-history":[{"count":11,"href":"https:\/\/clinicavasculardecali.com\/web\/wp-json\/wp\/v2\/pages\/102\/revisions"}],"predecessor-version":[{"id":205,"href":"https:\/\/clinicavasculardecali.com\/web\/wp-json\/wp\/v2\/pages\/102\/revisions\/205"}],"wp:attachment":[{"href":"https:\/\/clinicavasculardecali.com\/web\/wp-json\/wp\/v2\/media?parent=102"}],"curies":[{"name":"wp","href":"https:\/\/api.w.org\/{rel}","templated":true}]}}