{"id":10,"date":"2021-10-10T21:13:46","date_gmt":"2021-10-11T02:13:46","guid":{"rendered":"https:\/\/clinicavasculardecali.com\/web\/?page_id=10"},"modified":"2021-11-15T14:11:35","modified_gmt":"2021-11-15T19:11:35","slug":"quienes-somos","status":"publish","type":"page","link":"https:\/\/clinicavasculardecali.com\/web\/quienes-somos\/","title":{"rendered":"Quienes Somos"},"content":{"rendered":"<div id=\"pl-gb10-69ea020be38a6\"  class=\"panel-layout\" ><div id=\"pg-gb10-69ea020be38a6-0\"  class=\"panel-grid panel-has-style\" ><div class=\"panel-row-style panel-row-style-for-gb10-69ea020be38a6-0\" ><div id=\"pgc-gb10-69ea020be38a6-0-0\"  class=\"panel-grid-cell\" ><div id=\"panel-gb10-69ea020be38a6-0-0-0\" class=\"so-panel widget widget_sow-editor panel-first-child panel-last-child\" data-index=\"0\" ><div class=\"panel-widget-style panel-widget-style-for-gb10-69ea020be38a6-0-0-0\" ><div class=\"so-widget-sow-editor so-widget-sow-editor-base\">\n<div class=\"siteorigin-widget-tinymce textwidget\">\n\t<h2 style=\"text-align: center;\">Somos una IPS dedicada a ofrecer servicios integrales de <strong>Cirug\u00eda Vascular<\/strong> y <strong>Endovascular en el Valle del Cauca<\/strong>. Prestamos servicios de flebolog\u00eda, linfolog\u00eda y angiolog\u00eda con \u00e9nfasis en la gesti\u00f3n del riesgo vascular perif\u00e9rico, con la m\u00e1s alta tecnolog\u00eda y talento humano.<\/h2>\n<\/div>\n<\/div><\/div><\/div><\/div><\/div><\/div><div id=\"pg-gb10-69ea020be38a6-1\"  class=\"panel-grid panel-no-style\" ><div id=\"pgc-gb10-69ea020be38a6-1-0\"  class=\"panel-grid-cell\" ><div id=\"panel-gb10-69ea020be38a6-1-0-0\" class=\"so-panel widget widget_sow-editor panel-first-child panel-last-child\" data-index=\"1\" ><div class=\"so-widget-sow-editor so-widget-sow-editor-base\">\n<div class=\"siteorigin-widget-tinymce textwidget\">\n\t<p><img loading=\"lazy\" decoding=\"async\" class=\"alignnone size-full wp-image-76\" src=\"https:\/\/clinicavasculardecali.com\/web\/wp-content\/uploads\/2021\/10\/barra-azul.jpg\" alt=\"\" width=\"47\" height=\"6\" \/><\/p>\n<h3>Misi\u00f3n<\/h3>\n<p>Prestar servicios de cirug\u00eda vascular y endovascular, angiologia, flebolog\u00eda y linfolog\u00eda, con enfasis en la gesti\u00f3n del riesgo, a la poblaci\u00f3n del Valle del Cauca, poniendo el conocimiento, la experiencia y tecnolog\u00edas innovadoras al alcance de nuestros pacientes, con \u00e9tica, calidez humana, oportunidad, confiabilidad y seguridad.<\/p>\n<p><img loading=\"lazy\" decoding=\"async\" class=\"alignnone size-full wp-image-76\" src=\"https:\/\/clinicavasculardecali.com\/web\/wp-content\/uploads\/2021\/10\/barra-azul.jpg\" alt=\"\" width=\"47\" height=\"6\" \/><\/p>\n<h3>Visi\u00f3n<\/h3>\n<p>Para el 2023 ser un grupo de profesionales de la cirug\u00eda vascular y endovascular, angiolog\u00eda, flebolog\u00eda, linfolog\u00eda, y especialidades afines; l\u00edderes en la promoci\u00f3n, atenci\u00f3n, diagn\u00f3stico, tratamiento y rehabilitaci\u00f3n de los pacientes con enfermedades vasculares en el suroccidente colombiano, con los m\u00e1s altos est\u00e1ndares de calidad y tecnolog\u00edas innovadoras al servicio de los pacientes.<\/p>\n<p><img loading=\"lazy\" decoding=\"async\" class=\"alignnone size-full wp-image-76\" src=\"https:\/\/clinicavasculardecali.com\/web\/wp-content\/uploads\/2021\/10\/barra-azul.jpg\" alt=\"\" width=\"47\" height=\"6\" \/><\/p>\n<h3>Valores<\/h3>\n<p>\u2022 \u00c9tica \u2022 Honestidad \u2022 Excelencia \u2022 Compromiso<\/p>\n<\/div>\n<\/div><\/div><\/div><div id=\"pgc-gb10-69ea020be38a6-1-1\"  class=\"panel-grid-cell\" ><div id=\"panel-gb10-69ea020be38a6-1-1-0\" class=\"so-panel widget widget_sow-image panel-first-child panel-last-child\" data-index=\"2\" ><div class=\"so-widget-sow-image so-widget-sow-image-default-d6014b76747a-10\">\n\n<div class=\"sow-image-container\">\n\t\t<img decoding=\"async\" src=\"https:\/\/clinicavasculardecali.com\/web\/wp-content\/uploads\/2021\/10\/clinica-vascular-cali.jpg\" width=\"584\" height=\"703\" srcset=\"https:\/\/clinicavasculardecali.com\/web\/wp-content\/uploads\/2021\/10\/clinica-vascular-cali.jpg 584w, https:\/\/clinicavasculardecali.com\/web\/wp-content\/uploads\/2021\/10\/clinica-vascular-cali-249x300.jpg 249w\" sizes=\"auto, (max-width: 584px) 100vw, 584px\" alt=\"\" loading=\"lazy\" \t\tclass=\"so-widget-image\"\/>\n\t<\/div>\n\n<\/div><\/div><\/div><\/div><\/div>","protected":false},"excerpt":{"rendered":"<p>Somos una IPS dedicada a ofrecer servicios integrales de Cirug\u00eda Vascular y Endovascular en el Valle del Cauca. Prestamos servicios de flebolog\u00eda, linfolog\u00eda y angiolog\u00eda con \u00e9nfasis en la gesti\u00f3n del riesgo vascular perif\u00e9rico, con la m\u00e1s alta tecnolog\u00eda y talento humano. Misi\u00f3n Prestar servicios de cirug\u00eda vascular y endovascular, angiologia, flebolog\u00eda y linfolog\u00eda, con [&hellip;]<\/p>\n","protected":false},"author":1,"featured_media":0,"parent":0,"menu_order":0,"comment_status":"closed","ping_status":"closed","template":"page_10.php","meta":{"footnotes":""},"class_list":["post-10","page","type-page","status-publish","hentry"],"_links":{"self":[{"href":"https:\/\/clinicavasculardecali.com\/web\/wp-json\/wp\/v2\/pages\/10","targetHints":{"allow":["GET"]}}],"collection":[{"href":"https:\/\/clinicavasculardecali.com\/web\/wp-json\/wp\/v2\/pages"}],"about":[{"href":"https:\/\/clinicavasculardecali.com\/web\/wp-json\/wp\/v2\/types\/page"}],"author":[{"embeddable":true,"href":"https:\/\/clinicavasculardecali.com\/web\/wp-json\/wp\/v2\/users\/1"}],"replies":[{"embeddable":true,"href":"https:\/\/clinicavasculardecali.com\/web\/wp-json\/wp\/v2\/comments?post=10"}],"version-history":[{"count":12,"href":"https:\/\/clinicavasculardecali.com\/web\/wp-json\/wp\/v2\/pages\/10\/revisions"}],"predecessor-version":[{"id":164,"href":"https:\/\/clinicavasculardecali.com\/web\/wp-json\/wp\/v2\/pages\/10\/revisions\/164"}],"wp:attachment":[{"href":"https:\/\/clinicavasculardecali.com\/web\/wp-json\/wp\/v2\/media?parent=10"}],"curies":[{"name":"wp","href":"https:\/\/api.w.org\/{rel}","templated":true}]}}